{"id":302,"date":"2019-02-09T13:08:59","date_gmt":"2019-02-09T12:08:59","guid":{"rendered":"http:\/\/clinicadenser.com\/inici\/"},"modified":"2024-09-03T08:39:51","modified_gmt":"2024-09-03T07:39:51","slug":"inici","status":"publish","type":"page","link":"https:\/\/clinicadenser.com\/ca\/","title":{"rendered":"Cl\u00ednica Dental Denser"},"content":{"rendered":"<p>[et_pb_section fb_built=&#8221;1&#8243; fullwidth=&#8221;on&#8221; disabled_on=&#8221;on||&#8221; _builder_version=&#8221;4.16&#8243; background_image=&#8221;https:\/\/clinicadenser.com\/wp-content\/uploads\/2021\/11\/bg-slider-home.jpg&#8221; global_colors_info=&#8221;{}&#8221;][et_pb_fullwidth_slider show_pagination=&#8221;off&#8221; show_image_video_mobile=&#8221;on&#8221; disabled_on=&#8221;off|off|off&#8221; _builder_version=&#8221;4.24.0&#8243; auto=&#8221;on&#8221; hover_enabled=&#8221;0&#8243; custom_css_slide_image=&#8221;margin-bottom:-200px;||||  &#8221; global_colors_info=&#8221;{}&#8221; sticky_enabled=&#8221;0&#8243;][et_pb_slide image=&#8221;https:\/\/clinicadenser.com\/wp-content\/uploads\/2019\/01\/slide-home-clinica-dental-denser-01.png&#8221; use_bg_overlay=&#8221;off&#8221; use_text_overlay=&#8221;off&#8221; _builder_version=&#8221;4.16&#8243; background_color=&#8221;rgba(255,255,255,0.55)&#8221; background_layout=&#8221;light&#8221; global_colors_info=&#8221;{}&#8221; sticky_transition=&#8221;on&#8221;]<\/p>\n<h2><em>&#8220;Som la tercera generaci\u00f3 d&#8217;odont\u00f2legs, fills i nets de dentistes que ens van inculcar el valor de l&#8217;\u00e8tica i la innovaci\u00f3 i, sobretot, el tracte proper al pacient&#8221;<\/em><\/h2>\n<p>[\/et_pb_slide][et_pb_slide image=&#8221;https:\/\/clinicadenser.com\/wp-content\/uploads\/2019\/01\/slide-home-clinica-dental-denser-02.png&#8221; use_bg_overlay=&#8221;off&#8221; use_text_overlay=&#8221;off&#8221; _builder_version=&#8221;4.16&#8243; background_color=&#8221;rgba(255,255,255,0.55)&#8221; button_on_hover=&#8221;on&#8221; background_layout=&#8221;light&#8221; global_colors_info=&#8221;{}&#8221; sticky_transition=&#8221;on&#8221;]<\/p>\n<h2><em>&#8220;L&#8217;\u00e8tica professional \u00e9s la nostra ra\u00f3 de ser: tractem als nostres pacients com ens tractar\u00edem a nosaltres mateixos&#8221;<\/em><\/h2>\n<p>[\/et_pb_slide][et_pb_slide image=&#8221;https:\/\/clinicadenser.com\/wp-content\/uploads\/2019\/04\/slide-home-clinica-dental-denser-09.png&#8221; use_bg_overlay=&#8221;off&#8221; use_text_overlay=&#8221;off&#8221; _builder_version=&#8221;4.16&#8243; background_color=&#8221;rgba(255,255,255,0.55)&#8221; button_on_hover=&#8221;on&#8221; background_layout=&#8221;light&#8221; global_colors_info=&#8221;{}&#8221; sticky_transition=&#8221;on&#8221;]<\/p>\n<h2><em>&#8220;L&#8217;ortod\u00f2ncia \u00e9s l&#8217;especialitat que sempre he volgut exercir, despr\u00e9s de m\u00e9s de 10 anys, he apr\u00e8s que ci\u00e8ncia i honestedat, s\u00f3n el millor t\u00e0ndem per aconseguir uns bons resultats&#8221;<\/em><\/h2>\n<p>[\/et_pb_slide][et_pb_slide image=&#8221;https:\/\/clinicadenser.com\/wp-content\/uploads\/2022\/03\/slide-home-clinica-dental-denser-12.png&#8221; use_bg_overlay=&#8221;off&#8221; use_text_overlay=&#8221;off&#8221; _builder_version=&#8221;4.16&#8243; background_color=&#8221;rgba(255,255,255,0.55)&#8221; background_layout=&#8221;light&#8221; global_colors_info=&#8221;{}&#8221; sticky_transition=&#8221;on&#8221;]<\/p>\n<h2><em>\u201cUn somriure sa i est\u00e8tic impacta i millora directament la qualitat de vida dels meus pacients<\/em><em>\u201d<\/em><\/h2>\n<p>[\/et_pb_slide][et_pb_slide image=&#8221;https:\/\/clinicadenser.com\/wp-content\/uploads\/2022\/03\/slide-home-clinica-dental-denser-13.png&#8221; use_bg_overlay=&#8221;off&#8221; use_text_overlay=&#8221;off&#8221; _builder_version=&#8221;4.16&#8243; background_color=&#8221;rgba(255,255,255,0.54)&#8221; button_on_hover=&#8221;on&#8221; background_layout=&#8221;light&#8221; hover_enabled=&#8221;0&#8243; global_colors_info=&#8221;{}&#8221; sticky_transition=&#8221;on&#8221; sticky_enabled=&#8221;0&#8243;]<\/p>\n<h2><em>\u201cEl que m\u00e9s m\u2019agrada de la meva feina \u00e9s aconseguir que els m\u00e9s petits tinguin confian\u00e7a i surtin de la cl\u00ednica amb un somriure i a poc a poc establir el dental home<\/em><em>\u201d<\/em><\/h2>\n<p>[\/et_pb_slide][et_pb_slide image=&#8221;https:\/\/clinicadenser.com\/wp-content\/uploads\/2023\/03\/slide-home-clinica-dental-denser-15.png&#8221; use_bg_overlay=&#8221;off&#8221; use_text_overlay=&#8221;off&#8221; _builder_version=&#8221;4.24.0&#8243; background_color=&#8221;rgba(255,255,255,0.54)&#8221; button_on_hover=&#8221;on&#8221; background_layout=&#8221;light&#8221; hover_enabled=&#8221;0&#8243; global_colors_info=&#8221;{}&#8221; sticky_transition=&#8221;on&#8221; sticky_enabled=&#8221;0&#8243;]<\/p>\n<h2><em>\u201cAconseguir que els pacients tinguin una salut bucal \u00f2ptima \u00e9s el meu objectiu<\/em><em>\u201d<\/em><\/h2>\n<p>[\/et_pb_slide][et_pb_slide image=&#8221;https:\/\/clinicadenser.com\/wp-content\/uploads\/2024\/09\/slide-home-clinica-dental-denser-16.png&#8221; use_bg_overlay=&#8221;off&#8221; use_text_overlay=&#8221;off&#8221; _builder_version=&#8221;4.24.0&#8243; background_color=&#8221;rgba(255,255,255,0.54)&#8221; button_on_hover=&#8221;on&#8221; background_layout=&#8221;light&#8221; hover_enabled=&#8221;0&#8243; global_colors_info=&#8221;{}&#8221; sticky_transition=&#8221;on&#8221; sticky_enabled=&#8221;0&#8243; title_text=&#8221;slide-home-clinica-dental-denser-16&#8243;]<\/p>\n<h2><em>\u201cDefenso una odontologia integral, en la qual la delicadesa en el tracte, l&#8217;honestedat i l&#8217;empatia s\u00f3n essencials<\/em><em>\u201d<\/em><\/h2>\n<p>[\/et_pb_slide][et_pb_slide image=&#8221;http:\/\/clinicadenser.com\/wp-content\/uploads\/2019\/02\/slide-home-clinica-dental-denser-06.png&#8221; use_bg_overlay=&#8221;off&#8221; use_text_overlay=&#8221;off&#8221; _builder_version=&#8221;4.18.1&#8243; background_color=&#8221;rgba(255,255,255,0.55)&#8221; background_layout=&#8221;light&#8221; global_colors_info=&#8221;{}&#8221; sticky_transition=&#8221;on&#8221;]<\/p>\n<h2><em>\u201c<\/em><em>La Cl\u00ednica DENSER \u00e9s una cl\u00ednica familiar; volem que els pacients formin part d&#8217;aquesta gran fam\u00edlia<\/em><em>\u201d<\/em><\/h2>\n<p>[\/et_pb_slide][et_pb_slide image=&#8221;http:\/\/clinicadenser.com\/wp-content\/uploads\/2019\/02\/slide-home-clinica-dental-denser-05.png&#8221; use_bg_overlay=&#8221;off&#8221; use_text_overlay=&#8221;off&#8221; _builder_version=&#8221;4.18.1&#8243; background_color=&#8221;rgba(255,255,255,0.55)&#8221; button_on_hover=&#8221;on&#8221; background_layout=&#8221;light&#8221; global_colors_info=&#8221;{}&#8221; sticky_transition=&#8221;on&#8221;]<\/p>\n<h2><em>&#8220;<\/em><em><strong>M&#8217;agrada aclarir els dubtes dels pacients. El m\u00e9s important \u00e9s que perdin les pors i se sentin b\u00e9<\/strong><\/em><em>&#8220;<\/em><\/h2>\n<p>[\/et_pb_slide][et_pb_slide image=&#8221;https:\/\/clinicadenser.com\/wp-content\/uploads\/2022\/01\/slide-home-clinica-dental-denser-11-2.png&#8221; use_bg_overlay=&#8221;off&#8221; use_text_overlay=&#8221;off&#8221; _builder_version=&#8221;4.18.1&#8243; background_color=&#8221;rgba(255,255,255,0.54)&#8221; button_on_hover=&#8221;on&#8221; background_layout=&#8221;light&#8221; global_colors_info=&#8221;{}&#8221; sticky_transition=&#8221;on&#8221;]<\/p>\n<h2><em>\u201cProximitat al pacient i professionalitat<\/em><em>\u201d<\/em><\/h2>\n<p>[\/et_pb_slide][\/et_pb_fullwidth_slider][\/et_pb_section][et_pb_section fb_built=&#8221;1&#8243; disabled_on=&#8221;|on|on&#8221; _builder_version=&#8221;4.18.1&#8243; background_color=&#8221;#f8f6f5&#8243; global_colors_info=&#8221;{}&#8221;][et_pb_row _builder_version=&#8221;4.16&#8243; width=&#8221;100%&#8221; max_width=&#8221;100%&#8221; use_custom_width=&#8221;on&#8221; width_unit=&#8221;off&#8221; custom_width_percent=&#8221;100%&#8221; global_colors_info=&#8221;{}&#8221;][et_pb_column type=&#8221;4_4&#8243; _builder_version=&#8221;4.16&#8243; custom_padding=&#8221;|||&#8221; global_colors_info=&#8221;{}&#8221; custom_padding__hover=&#8221;|||&#8221;]<\/p>\n<p>[et_pb_gallery gallery_ids=&#8221;937,939,941,949,951,953,966,943,945,947&#8243; fullwidth=&#8221;on&#8221; disabled_on=&#8221;off|off|off&#8221; _builder_version=&#8221;4.24.0&#8243; auto=&#8221;on&#8221; hover_enabled=&#8221;0&#8243; global_colors_info=&#8221;{}&#8221; sticky_enabled=&#8221;0&#8243;] [\/et_pb_gallery]<\/p>\n<p>[\/et_pb_column][\/et_pb_row][\/et_pb_section][et_pb_section fb_built=&#8221;1&#8243; _builder_version=&#8221;4.16&#8243; background_color=&#8221;#272d67&#8243; custom_margin=&#8221;-49px||&#8221; custom_padding=&#8221;2px||2px||true|false&#8221; custom_css_main_element=&#8221;z-index:1000000000;\t&#8221; global_colors_info=&#8221;{}&#8221;][et_pb_row _builder_version=&#8221;4.16&#8243; background_size=&#8221;initial&#8221; background_position=&#8221;top_left&#8221; background_repeat=&#8221;repeat&#8221; custom_padding=&#8221;32px|0px|27px|0px|false|false&#8221; global_colors_info=&#8221;{}&#8221;][et_pb_column type=&#8221;4_4&#8243; _builder_version=&#8221;4.16&#8243; custom_padding=&#8221;|||&#8221; global_colors_info=&#8221;{}&#8221; custom_padding__hover=&#8221;|||&#8221;][et_pb_text _builder_version=&#8221;4.18.1&#8243; header_font=&#8221;|700|||||||&#8221; header_text_align=&#8221;center&#8221; header_font_size=&#8221;36px&#8221; header_2_font_size=&#8221;22px&#8221; background_layout=&#8221;dark&#8221; header_font_size_tablet=&#8221;25px&#8221; header_font_size_phone=&#8221;20px&#8221; header_font_size_last_edited=&#8221;on|tablet&#8221; header_2_font_size_tablet=&#8221;22px&#8221; header_2_font_size_phone=&#8221;18px&#8221; header_2_font_size_last_edited=&#8221;on|phone&#8221; global_colors_info=&#8221;{}&#8221;]<\/p>\n<h1 style=\"text-align: center;\" data-mce-style=\"text-align: center;\">Cl\u00ednica dental DENSER, passi\u00f3 per l&#8217;odontologia<\/h1>\n<h2 style=\"text-align: center;\" data-mce-style=\"text-align: center;\"><em>Benvinguts a la nostra web<\/em><\/h2>\n<p>[\/et_pb_text][\/et_pb_column][\/et_pb_row][\/et_pb_section][et_pb_section fb_built=&#8221;1&#8243; _builder_version=&#8221;4.16&#8243; global_colors_info=&#8221;{}&#8221;][et_pb_row column_structure=&#8221;1_3,1_3,1_3&#8243; _builder_version=&#8221;4.16&#8243; background_size=&#8221;initial&#8221; background_position=&#8221;top_left&#8221; background_repeat=&#8221;repeat&#8221; global_colors_info=&#8221;{}&#8221;][et_pb_column type=&#8221;1_3&#8243; _builder_version=&#8221;4.16&#8243; custom_padding=&#8221;|||&#8221; global_colors_info=&#8221;{}&#8221; custom_padding__hover=&#8221;|||&#8221;][et_pb_blurb title=&#8221;Equip professional&#8221; image=&#8221;https:\/\/clinicadenser.com\/wp-content\/uploads\/2019\/01\/clinica-dental-denser-equipo.png&#8221; image_icon_width=&#8221;125px&#8221; _builder_version=&#8221;4.16&#8243; text_orientation=&#8221;center&#8221; link_option_url=&#8221;https:\/\/clinicadenser.com\/ca\/equip-professional\/&#8221; image_max_width=&#8221;125px&#8221; global_colors_info=&#8221;{}&#8221;]<br \/>\n[\/et_pb_blurb][\/et_pb_column][et_pb_column type=&#8221;1_3&#8243; _builder_version=&#8221;4.16&#8243; custom_padding=&#8221;|||&#8221; global_colors_info=&#8221;{}&#8221; custom_padding__hover=&#8221;|||&#8221;][et_pb_blurb title=&#8221;Tractaments dentals&#8221; image=&#8221;https:\/\/clinicadenser.com\/wp-content\/uploads\/2019\/01\/clinica-dental-denser-tratamientos.png&#8221; image_icon_width=&#8221;125px&#8221; _builder_version=&#8221;4.16&#8243; text_orientation=&#8221;center&#8221; link_option_url=&#8221;https:\/\/clinicadenser.com\/ca\/tractaments-dentals\/&#8221; image_max_width=&#8221;125px&#8221; global_colors_info=&#8221;{}&#8221;]<br \/>\n[\/et_pb_blurb][\/et_pb_column][et_pb_column type=&#8221;1_3&#8243; _builder_version=&#8221;4.16&#8243; custom_padding=&#8221;|||&#8221; global_colors_info=&#8221;{}&#8221; custom_padding__hover=&#8221;|||&#8221;][et_pb_blurb title=&#8221;Contacte&#8221; image=&#8221;https:\/\/clinicadenser.com\/wp-content\/uploads\/2019\/01\/clinica-dental-denser-contacto.png&#8221; image_icon_width=&#8221;125px&#8221; _builder_version=&#8221;4.16&#8243; text_orientation=&#8221;center&#8221; link_option_url=&#8221;https:\/\/clinicadenser.com\/ca\/contacte\/&#8221; image_max_width=&#8221;125px&#8221; global_colors_info=&#8221;{}&#8221;]<br \/>\n[\/et_pb_blurb][\/et_pb_column][\/et_pb_row][\/et_pb_section][et_pb_section fb_built=&#8221;1&#8243; _builder_version=&#8221;4.16&#8243; background_color=&#8221;#272d67&#8243; custom_padding=&#8221;0|0px|0|0px|false|false&#8221; global_colors_info=&#8221;{}&#8221;][et_pb_row _builder_version=&#8221;4.16&#8243; global_colors_info=&#8221;{}&#8221;][et_pb_column type=&#8221;4_4&#8243; _builder_version=&#8221;4.16&#8243; custom_padding=&#8221;|||&#8221; global_colors_info=&#8221;{}&#8221; custom_padding__hover=&#8221;|||&#8221;][et_pb_text disabled_on=&#8221;on|off|off&#8221; _builder_version=&#8221;4.16&#8243; text_font=&#8221;|800|||||||&#8221; text_font_size=&#8221;60px&#8221; text_line_height=&#8221;1em&#8221; text_orientation=&#8221;center&#8221; background_layout=&#8221;dark&#8221; max_width=&#8221;496px&#8221; module_alignment=&#8221;center&#8221; custom_margin=&#8221;0px||0px&#8221; custom_padding=&#8221;0px||0px&#8221; text_font_size_tablet=&#8221;50px&#8221; text_font_size_phone=&#8221;&#8221; text_font_size_last_edited=&#8221;on|desktop&#8221; global_colors_info=&#8221;{}&#8221;]<\/p>\n<h3><strong><img loading=\"lazy\" decoding=\"async\" class=\"wp-image-76 alignleft\" src=\"https:\/\/clinicadenser.com\/wp-content\/uploads\/2019\/01\/clinica-dental-denser-emergencias-150x150.png\" alt=\"\" width=\"100\" height=\"100\" data-mce-src=\"https:\/\/clinicadenser.com\/wp-content\/uploads\/2019\/01\/clinica-dental-denser-emergencias-150x150.png\" srcset=\"https:\/\/clinicadenser.com\/wp-content\/uploads\/2019\/01\/clinica-dental-denser-emergencias-150x150.png 150w, https:\/\/clinicadenser.com\/wp-content\/uploads\/2019\/01\/clinica-dental-denser-emergencias-300x300.png 300w, https:\/\/clinicadenser.com\/wp-content\/uploads\/2019\/01\/clinica-dental-denser-emergencias.png 512w\" sizes=\"(max-width: 100px) 100vw, 100px\" \/>TEL\u00c8FON DE CONTACTE<\/strong><\/h3>\n<p><strong>93 589 00 54<\/strong><\/p>\n<p>[\/et_pb_text][et_pb_text disabled_on=&#8221;off|on|on&#8221; _builder_version=&#8221;4.16&#8243; text_font=&#8221;|800|||||||&#8221; text_font_size=&#8221;60px&#8221; text_line_height=&#8221;1em&#8221; text_orientation=&#8221;center&#8221; background_layout=&#8221;dark&#8221; max_width=&#8221;496px&#8221; module_alignment=&#8221;center&#8221; custom_margin=&#8221;0px||0px&#8221; custom_padding=&#8221;0px||0px&#8221; text_font_size_tablet=&#8221;50px&#8221; text_font_size_phone=&#8221;&#8221; text_font_size_last_edited=&#8221;on|desktop&#8221; global_colors_info=&#8221;{}&#8221;]<\/p>\n<h3 style=\"text-align: center;\" data-mce-style=\"text-align: center;\"><strong><img loading=\"lazy\" decoding=\"async\" class=\"wp-image-76 aligncenter\" src=\"https:\/\/clinicadenser.com\/wp-content\/uploads\/2019\/01\/clinica-dental-denser-emergencias-150x150.png\" alt=\"\" width=\"100\" height=\"100\" data-mce-src=\"https:\/\/clinicadenser.com\/wp-content\/uploads\/2019\/01\/clinica-dental-denser-emergencias-150x150.png\" srcset=\"https:\/\/clinicadenser.com\/wp-content\/uploads\/2019\/01\/clinica-dental-denser-emergencias-150x150.png 150w, https:\/\/clinicadenser.com\/wp-content\/uploads\/2019\/01\/clinica-dental-denser-emergencias-300x300.png 300w, https:\/\/clinicadenser.com\/wp-content\/uploads\/2019\/01\/clinica-dental-denser-emergencias.png 512w\" sizes=\"(max-width: 100px) 100vw, 100px\" \/><\/strong><\/h3>\n<h3 style=\"text-align: center;\" data-mce-style=\"text-align: center;\"><\/h3>\n<h3 style=\"text-align: center;\" data-mce-style=\"text-align: center;\"><strong>TEL\u00c8FON DE CONTACTE<\/strong><\/h3>\n<p style=\"text-align: center;\" data-mce-style=\"text-align: center;\"><strong>93 589 00 54<\/strong><\/p>\n<p>[\/et_pb_text][\/et_pb_column][\/et_pb_row][\/et_pb_section][et_pb_section fb_built=&#8221;1&#8243; _builder_version=&#8221;4.18.1&#8243; _module_preset=&#8221;default&#8221; global_colors_info=&#8221;{}&#8221;][et_pb_row _builder_version=&#8221;4.18.1&#8243; _module_preset=&#8221;default&#8221; global_colors_info=&#8221;{}&#8221;][et_pb_column type=&#8221;4_4&#8243; _builder_version=&#8221;4.18.1&#8243; _module_preset=&#8221;default&#8221; global_colors_info=&#8221;{}&#8221;][et_pb_text _builder_version=&#8221;4.18.1&#8243; _module_preset=&#8221;default&#8221; global_colors_info=&#8221;{}&#8221;]<\/p>\n<p>Benvingut a la Cl\u00ednica Dental Denser a Sant Cugat!<\/p>\n<p>[\/et_pb_text][\/et_pb_column][\/et_pb_row][et_pb_row column_structure=&#8221;1_2,1_2&#8243; _builder_version=&#8221;4.18.1&#8243; _module_preset=&#8221;default&#8221; custom_padding=&#8221;0px|||||&#8221; global_colors_info=&#8221;{}&#8221;][et_pb_column type=&#8221;1_2&#8243; _builder_version=&#8221;4.18.1&#8243; _module_preset=&#8221;default&#8221; global_colors_info=&#8221;{}&#8221;][et_pb_text _builder_version=&#8221;4.18.1&#8243; _module_preset=&#8221;default&#8221; global_colors_info=&#8221;{}&#8221;]<\/p>\n<p>Som un equip de professionals altament capacitats i dedicats a proporcionar la millor atenci\u00f3 dental possible. Oferim una \u00e0mplia gamma de serveis dentals, des de neteges regulars fins a tractaments d&#8217;ortod\u00f2ncia i restauracions dentals avan\u00e7ades. A la nostra cl\u00ednica, ens esforcem per brindar-vos una experi\u00e8ncia dental c\u00f2moda i relaxant. El nostre objectiu \u00e9s ajudar-vos a aconseguir i mantenir un somriure saludable i radiant. Utilitzem tecnologia dental d&#8217;avantguarda i t\u00e8cniques avan\u00e7ades per garantir que cada tractament sigui efectiu i el menys invasiu possible.<\/p>\n<p>[\/et_pb_text][\/et_pb_column][et_pb_column type=&#8221;1_2&#8243; _builder_version=&#8221;4.18.1&#8243; _module_preset=&#8221;default&#8221; global_colors_info=&#8221;{}&#8221;][et_pb_text _builder_version=&#8221;4.18.1&#8243; _module_preset=&#8221;default&#8221; global_colors_info=&#8221;{}&#8221;]<\/p>\n<p>El nostre equip de dentistes i especialistes est\u00e0 altament capacitat i actualitzat en els darrers aven\u00e7os i t\u00e8cniques en odontologia. Oferim tractaments personalitzats i solucions adaptades a les vostres necessitats individuals per garantir que rebeu l&#8217;atenci\u00f3 dental adequada per al vostre cas espec\u00edfic. A la Cl\u00ednica Dental Denser a Sant Cugat, ens enorgulleix oferir serveis dentals de qualitat i atenci\u00f3 personalitzada. Som aqu\u00ed per ajudar-lo a mantenir el seu somriure saludable i bonic. Contacti&#8217;ns avui per programar la cita dental. Esperem poder servir-vos ben aviat!<\/p>\n<p>[\/et_pb_text][\/et_pb_column][\/et_pb_row][\/et_pb_section][et_pb_section fb_built=&#8221;1&#8243; _builder_version=&#8221;4.16&#8243; background_color=&#8221;#f2f2f2&#8243; global_colors_info=&#8221;{}&#8221;][et_pb_row _builder_version=&#8221;4.16&#8243; background_size=&#8221;initial&#8221; background_position=&#8221;top_left&#8221; background_repeat=&#8221;repeat&#8221; global_colors_info=&#8221;{}&#8221;][et_pb_column type=&#8221;4_4&#8243; _builder_version=&#8221;4.16&#8243; custom_padding=&#8221;|||&#8221; global_colors_info=&#8221;{}&#8221; custom_padding__hover=&#8221;|||&#8221;][et_pb_text _builder_version=&#8221;4.16&#8243; text_orientation=&#8221;center&#8221; global_colors_info=&#8221;{}&#8221;]<\/p>\n<h3><strong>TENS ALGUN DUBTE O CONSULTA?<\/strong><\/h3>\n<p>Omple el seg\u00fcent formulari i et respondrem el m\u00e9s aviat possible.<\/p>\n<p>[\/et_pb_text][et_pb_contact_form use_spam_service=&#8221;on&#8221; recaptcha_list=&#8221;Cl\u00ednicaDenser|Cl\u00ednicaDenser-0&#8243; recaptcha_min_score=&#8221;1&#8243; success_message=&#8221;Missatge rebut correctament. En breu contactarem amb tu.&#8221; submit_button_text=&#8221;Enviar&#8221; _builder_version=&#8221;4.18.1&#8243; _unique_id=&#8221;8c98082b-9dac-4013-b9f9-9ec19b724f85&#8243; form_field_background_color=&#8221;#ffffff&#8221; custom_button=&#8221;on&#8221; button_bg_color=&#8221;#ffffff&#8221; custom_margin=&#8221;||20px||false|false&#8221; form_background_color=&#8221;#ffffff&#8221; global_colors_info=&#8221;{}&#8221;][et_pb_contact_field field_id=&#8221;Nombre&#8221; field_title=&#8221;Nom&#8221; fullwidth_field=&#8221;on&#8221; _builder_version=&#8221;4.18.1&#8243; global_colors_info=&#8221;{}&#8221;][\/et_pb_contact_field][et_pb_contact_field field_id=&#8221;Tel\u00e9fono&#8221; field_title=&#8221;Tel\u00e8fon&#8221; _builder_version=&#8221;4.18.1&#8243; _module_preset=&#8221;default&#8221; global_colors_info=&#8221;{}&#8221;][\/et_pb_contact_field][et_pb_contact_field field_id=&#8221;Email&#8221; field_title=&#8221;Correu electr\u00f2nic&#8221; field_type=&#8221;email&#8221; _builder_version=&#8221;4.16&#8243; global_colors_info=&#8221;{}&#8221;][\/et_pb_contact_field][et_pb_contact_field field_id=&#8221;Mensaje&#8221; field_title=&#8221;Missatge&#8221; field_type=&#8221;text&#8221; fullwidth_field=&#8221;on&#8221; _builder_version=&#8221;4.16&#8243; global_colors_info=&#8221;{}&#8221;][\/et_pb_contact_field][et_pb_contact_field field_id=&#8221;Privacidad&#8221; field_title=&#8221;Protecci\u00f3 de dades&#8221; field_type=&#8221;checkbox&#8221; checkbox_options=&#8221;%91{%22dragID%22:0,%22value%22:%22Accepto la %22,%22checked%22:0,%22link_text%22:%22Pol\u00edtica de Privacitat%22,%22link_url%22:%22\\\/politica-de-privacidad%22}%93&#8243; _builder_version=&#8221;4.18.1&#8243; _module_preset=&#8221;default&#8221; global_colors_info=&#8221;{}&#8221;][\/et_pb_contact_field][et_pb_contact_field field_id=&#8221;Comercial&#8221; field_title=&#8221;Comunicacions comercials&#8221; field_type=&#8221;checkbox&#8221; checkbox_options=&#8221;%91{%22value%22:%22Accepto l&apos;enviament de comunicacions comercials%22,%22checked%22:0,%22dragID%22:-1}%93&#8243; _builder_version=&#8221;4.18.1&#8243; _module_preset=&#8221;default&#8221; global_colors_info=&#8221;{}&#8221;][\/et_pb_contact_field][\/et_pb_contact_form][et_pb_text _builder_version=&#8221;4.18.1&#8243; _module_preset=&#8221;default&#8221; text_font_size=&#8221;10px&#8221; text_line_height=&#8221;1.2em&#8221; global_colors_info=&#8221;{}&#8221;]<\/p>\n<p>La comunicaci\u00f3n enviada quedar\u00e1 incorporada a un fichero del que es responsable CRISTINA SERRA MARTINEZ. Esta comunicaci\u00f3n se utilizar\u00e1 exclusivamente para tratar sus datos para atender su solicitud, siempre de acuerdo al Reglamento (UE) 2016\/679 (RGPD), la Ley Org\u00e1nica 15\/1999 (LOPD) y el Real Decreto 1720\/2007 de desarrollo de la LOPD), sobre protecci\u00f3n de datos. Sus datos no se comunicaran a terceros, excepto por obligaci\u00f3n legal, y se mantendr\u00e1n mientras no solicite su cancelaci\u00f3n.<br \/>En cualquier momento usted puede ejercer los derechos de acceso, rectificaci\u00f3n, portabilidad y oposici\u00f3n, o si procede, a la limitaci\u00f3n y\/o cancelaci\u00f3n del tratamiento, comunic\u00e1ndolo por escrito, indicando sus datos personales a Avda. Llu\u00eds Companys, n\u00fam. 8, 08172-Sant Cugat del Vall\u00e9s (Barcelona) o mediante un email a info@clinicadenser.com.<\/p>\n<p>[\/et_pb_text][\/et_pb_column][\/et_pb_row][\/et_pb_section]<\/p>\n","protected":false},"excerpt":{"rendered":"<p>&#8220;Som la tercera generaci\u00f3 d&#8217;odont\u00f2legs, fills i nets de dentistes que ens van inculcar el valor de l&#8217;\u00e8tica i la innovaci\u00f3 i, sobretot, el tracte proper al pacient&#8221; &#8220;L&#8217;\u00e8tica professional \u00e9s la nostra ra\u00f3 de ser: tractem als nostres pacients com ens tractar\u00edem a nosaltres mateixos&#8221; &#8220;L&#8217;ortod\u00f2ncia \u00e9s l&#8217;especialitat que sempre he volgut exercir, despr\u00e9s [&hellip;]<\/p>\n","protected":false},"author":3,"featured_media":0,"parent":0,"menu_order":0,"comment_status":"closed","ping_status":"closed","template":"","meta":{"_et_pb_use_builder":"on","_et_pb_old_content":"","_et_gb_content_width":"","footnotes":""},"class_list":["post-302","page","type-page","status-publish","hentry"],"_links":{"self":[{"href":"https:\/\/clinicadenser.com\/ca\/wp-json\/wp\/v2\/pages\/302","targetHints":{"allow":["GET"]}}],"collection":[{"href":"https:\/\/clinicadenser.com\/ca\/wp-json\/wp\/v2\/pages"}],"about":[{"href":"https:\/\/clinicadenser.com\/ca\/wp-json\/wp\/v2\/types\/page"}],"author":[{"embeddable":true,"href":"https:\/\/clinicadenser.com\/ca\/wp-json\/wp\/v2\/users\/3"}],"replies":[{"embeddable":true,"href":"https:\/\/clinicadenser.com\/ca\/wp-json\/wp\/v2\/comments?post=302"}],"version-history":[{"count":91,"href":"https:\/\/clinicadenser.com\/ca\/wp-json\/wp\/v2\/pages\/302\/revisions"}],"predecessor-version":[{"id":988,"href":"https:\/\/clinicadenser.com\/ca\/wp-json\/wp\/v2\/pages\/302\/revisions\/988"}],"wp:attachment":[{"href":"https:\/\/clinicadenser.com\/ca\/wp-json\/wp\/v2\/media?parent=302"}],"curies":[{"name":"wp","href":"https:\/\/api.w.org\/{rel}","templated":true}]}}